{"id":13,"date":"2021-05-30T19:16:38","date_gmt":"2021-05-30T19:16:38","guid":{"rendered":"https:\/\/kretavill.hu\/?page_id=13"},"modified":"2021-10-06T07:33:20","modified_gmt":"2021-10-06T07:33:20","slug":"villanyszereles","status":"publish","type":"page","link":"https:\/\/kretavill.hu\/index.php\/villanyszereles\/","title":{"rendered":"Villanyszerel\u00e9s"},"content":{"rendered":"<p>[vc_row][vc_column width=&#8221;1\/2&#8243;][vc_column_text]<\/p>\r\n\r\n<p>Er\u0151s- \u00e9s gyenge \u00e1ram\u00fa h\u00e1l\u00f3zatok:<\/p>\r\n\r\n\r\n\r\n<ul class=\"wp-block-list\">\r\n<li>szerel\u00e9se<\/li>\r\n<li>ki\u00e9p\u00edt\u00e9se<\/li>\r\n<li>karbantart\u00e1sa<\/li>\r\n<li>b\u0151v\u00edt\u00e9se vagy fel\u00faj\u00edt\u00e1sa<\/li>\r\n<\/ul>\r\n\r\n\r\n\r\n<p>Er\u0151s- \u00e9s gyenge\u00e1ram\u00fa h\u00e1l\u00f3zatok ki\u00e9p\u00edt\u00e9se, szerel\u00e9se, karbantart\u00e1sa, b\u0151v\u00edt\u00e9se vagy fel\u00faj\u00edt\u00e1sa. Kismegszak\u00edt\u00f3k bek\u00f6t\u00e9se megl\u00e9v\u0151 eloszt\u00f3ba, \u00faj eloszt\u00f3 bek\u00f6t\u00e9s, telep\u00edt\u00e9s. Okos otthon rendszerek ki\u00e9p\u00edt\u00e9se.<\/p>\r\n\r\n<p>[\/vc_column_text][\/vc_column][vc_column width=&#8221;1\/2&#8243;][vc_single_image image=&#8221;79&#8243; img_size=&#8221;full&#8221; alignment=&#8221;center&#8221;][\/vc_column][\/vc_row]<\/p>","protected":false},"excerpt":{"rendered":"<p>[vc_row][vc_column width=&#8221;1\/2&#8243;][vc_column_text] Er\u0151s- \u00e9s gyenge \u00e1ram\u00fa h\u00e1l\u00f3zatok: szerel\u00e9se ki\u00e9p\u00edt\u00e9se karbantart\u00e1sa b\u0151v\u00edt\u00e9se vagy fel\u00faj\u00edt\u00e1sa Er\u0151s- \u00e9s gyenge\u00e1ram\u00fa h\u00e1l\u00f3zatok ki\u00e9p\u00edt\u00e9se, szerel\u00e9se, karbantart\u00e1sa, b\u0151v\u00edt\u00e9se vagy fel\u00faj\u00edt\u00e1sa. Kismegszak\u00edt\u00f3k bek\u00f6t\u00e9se &hellip; <\/p>\n","protected":false},"author":1,"featured_media":0,"parent":0,"menu_order":0,"comment_status":"closed","ping_status":"closed","template":"","meta":{"footnotes":""},"class_list":["post-13","page","type-page","status-publish","hentry","latest_post"],"yoast_head":"<!-- This site is optimized with the Yoast SEO plugin v24.2 - https:\/\/yoast.com\/wordpress\/plugins\/seo\/ -->\n<title>Villanyszerel\u00e9s - Kreta-Vill<\/title>\n<meta name=\"robots\" content=\"index, follow, max-snippet:-1, max-image-preview:large, max-video-preview:-1\" \/>\n<link rel=\"canonical\" href=\"https:\/\/kretavill.hu\/index.php\/villanyszereles\/\" \/>\n<meta property=\"og:locale\" content=\"hu_HU\" \/>\n<meta property=\"og:type\" content=\"article\" \/>\n<meta property=\"og:title\" content=\"Villanyszerel\u00e9s - Kreta-Vill\" \/>\n<meta property=\"og:description\" content=\"[vc_row][vc_column width=&#8221;1\/2&#8243;][vc_column_text] Er\u0151s- \u00e9s gyenge \u00e1ram\u00fa h\u00e1l\u00f3zatok: szerel\u00e9se ki\u00e9p\u00edt\u00e9se karbantart\u00e1sa b\u0151v\u00edt\u00e9se vagy fel\u00faj\u00edt\u00e1sa Er\u0151s- \u00e9s gyenge\u00e1ram\u00fa h\u00e1l\u00f3zatok ki\u00e9p\u00edt\u00e9se, szerel\u00e9se, karbantart\u00e1sa, b\u0151v\u00edt\u00e9se vagy fel\u00faj\u00edt\u00e1sa. Kismegszak\u00edt\u00f3k bek\u00f6t\u00e9se &hellip;\" \/>\n<meta property=\"og:url\" content=\"https:\/\/kretavill.hu\/index.php\/villanyszereles\/\" \/>\n<meta property=\"og:site_name\" content=\"Kreta-Vill\" \/>\n<meta property=\"article:modified_time\" content=\"2021-10-06T07:33:20+00:00\" \/>\n<meta name=\"twitter:card\" content=\"summary_large_image\" \/>\n<meta name=\"twitter:label1\" content=\"Becs\u00fclt olvas\u00e1si id\u0151\" \/>\n\t<meta name=\"twitter:data1\" content=\"1 perc\" \/>\n<script type=\"application\/ld+json\" class=\"yoast-schema-graph\">{\"@context\":\"https:\/\/schema.org\",\"@graph\":[{\"@type\":\"WebPage\",\"@id\":\"https:\/\/kretavill.hu\/index.php\/villanyszereles\/\",\"url\":\"https:\/\/kretavill.hu\/index.php\/villanyszereles\/\",\"name\":\"Villanyszerel\u00e9s - Kreta-Vill\",\"isPartOf\":{\"@id\":\"https:\/\/kretavill.hu\/#website\"},\"datePublished\":\"2021-05-30T19:16:38+00:00\",\"dateModified\":\"2021-10-06T07:33:20+00:00\",\"breadcrumb\":{\"@id\":\"https:\/\/kretavill.hu\/index.php\/villanyszereles\/#breadcrumb\"},\"inLanguage\":\"hu\",\"potentialAction\":[{\"@type\":\"ReadAction\",\"target\":[\"https:\/\/kretavill.hu\/index.php\/villanyszereles\/\"]}]},{\"@type\":\"BreadcrumbList\",\"@id\":\"https:\/\/kretavill.hu\/index.php\/villanyszereles\/#breadcrumb\",\"itemListElement\":[{\"@type\":\"ListItem\",\"position\":1,\"name\":\"Kezd\u0151lap\",\"item\":\"https:\/\/kretavill.hu\/\"},{\"@type\":\"ListItem\",\"position\":2,\"name\":\"Villanyszerel\u00e9s\"}]},{\"@type\":\"WebSite\",\"@id\":\"https:\/\/kretavill.hu\/#website\",\"url\":\"https:\/\/kretavill.hu\/\",\"name\":\"Kreta-Vill\",\"description\":\"Minden ami villanyszerel\u00e9s!\",\"publisher\":{\"@id\":\"https:\/\/kretavill.hu\/#organization\"},\"potentialAction\":[{\"@type\":\"SearchAction\",\"target\":{\"@type\":\"EntryPoint\",\"urlTemplate\":\"https:\/\/kretavill.hu\/?s={search_term_string}\"},\"query-input\":{\"@type\":\"PropertyValueSpecification\",\"valueRequired\":true,\"valueName\":\"search_term_string\"}}],\"inLanguage\":\"hu\"},{\"@type\":\"Organization\",\"@id\":\"https:\/\/kretavill.hu\/#organization\",\"name\":\"Kreta-Vill\",\"url\":\"https:\/\/kretavill.hu\/\",\"logo\":{\"@type\":\"ImageObject\",\"inLanguage\":\"hu\",\"@id\":\"https:\/\/kretavill.hu\/#\/schema\/logo\/image\/\",\"url\":\"https:\/\/kretavill.hu\/wp-content\/uploads\/2021\/10\/Logo-meg-ujabb-masolata.png\",\"contentUrl\":\"https:\/\/kretavill.hu\/wp-content\/uploads\/2021\/10\/Logo-meg-ujabb-masolata.png\",\"width\":420,\"height\":216,\"caption\":\"Kreta-Vill\"},\"image\":{\"@id\":\"https:\/\/kretavill.hu\/#\/schema\/logo\/image\/\"}}]}<\/script>\n<!-- \/ Yoast SEO plugin. -->","yoast_head_json":{"title":"Villanyszerel\u00e9s - Kreta-Vill","robots":{"index":"index","follow":"follow","max-snippet":"max-snippet:-1","max-image-preview":"max-image-preview:large","max-video-preview":"max-video-preview:-1"},"canonical":"https:\/\/kretavill.hu\/index.php\/villanyszereles\/","og_locale":"hu_HU","og_type":"article","og_title":"Villanyszerel\u00e9s - Kreta-Vill","og_description":"[vc_row][vc_column width=&#8221;1\/2&#8243;][vc_column_text] Er\u0151s- \u00e9s gyenge \u00e1ram\u00fa h\u00e1l\u00f3zatok: szerel\u00e9se ki\u00e9p\u00edt\u00e9se karbantart\u00e1sa b\u0151v\u00edt\u00e9se vagy fel\u00faj\u00edt\u00e1sa Er\u0151s- \u00e9s gyenge\u00e1ram\u00fa h\u00e1l\u00f3zatok ki\u00e9p\u00edt\u00e9se, szerel\u00e9se, karbantart\u00e1sa, b\u0151v\u00edt\u00e9se vagy fel\u00faj\u00edt\u00e1sa. Kismegszak\u00edt\u00f3k bek\u00f6t\u00e9se &hellip;","og_url":"https:\/\/kretavill.hu\/index.php\/villanyszereles\/","og_site_name":"Kreta-Vill","article_modified_time":"2021-10-06T07:33:20+00:00","twitter_card":"summary_large_image","twitter_misc":{"Becs\u00fclt olvas\u00e1si id\u0151":"1 perc"},"schema":{"@context":"https:\/\/schema.org","@graph":[{"@type":"WebPage","@id":"https:\/\/kretavill.hu\/index.php\/villanyszereles\/","url":"https:\/\/kretavill.hu\/index.php\/villanyszereles\/","name":"Villanyszerel\u00e9s - Kreta-Vill","isPartOf":{"@id":"https:\/\/kretavill.hu\/#website"},"datePublished":"2021-05-30T19:16:38+00:00","dateModified":"2021-10-06T07:33:20+00:00","breadcrumb":{"@id":"https:\/\/kretavill.hu\/index.php\/villanyszereles\/#breadcrumb"},"inLanguage":"hu","potentialAction":[{"@type":"ReadAction","target":["https:\/\/kretavill.hu\/index.php\/villanyszereles\/"]}]},{"@type":"BreadcrumbList","@id":"https:\/\/kretavill.hu\/index.php\/villanyszereles\/#breadcrumb","itemListElement":[{"@type":"ListItem","position":1,"name":"Kezd\u0151lap","item":"https:\/\/kretavill.hu\/"},{"@type":"ListItem","position":2,"name":"Villanyszerel\u00e9s"}]},{"@type":"WebSite","@id":"https:\/\/kretavill.hu\/#website","url":"https:\/\/kretavill.hu\/","name":"Kreta-Vill","description":"Minden ami villanyszerel\u00e9s!","publisher":{"@id":"https:\/\/kretavill.hu\/#organization"},"potentialAction":[{"@type":"SearchAction","target":{"@type":"EntryPoint","urlTemplate":"https:\/\/kretavill.hu\/?s={search_term_string}"},"query-input":{"@type":"PropertyValueSpecification","valueRequired":true,"valueName":"search_term_string"}}],"inLanguage":"hu"},{"@type":"Organization","@id":"https:\/\/kretavill.hu\/#organization","name":"Kreta-Vill","url":"https:\/\/kretavill.hu\/","logo":{"@type":"ImageObject","inLanguage":"hu","@id":"https:\/\/kretavill.hu\/#\/schema\/logo\/image\/","url":"https:\/\/kretavill.hu\/wp-content\/uploads\/2021\/10\/Logo-meg-ujabb-masolata.png","contentUrl":"https:\/\/kretavill.hu\/wp-content\/uploads\/2021\/10\/Logo-meg-ujabb-masolata.png","width":420,"height":216,"caption":"Kreta-Vill"},"image":{"@id":"https:\/\/kretavill.hu\/#\/schema\/logo\/image\/"}}]}},"_links":{"self":[{"href":"https:\/\/kretavill.hu\/index.php\/wp-json\/wp\/v2\/pages\/13","targetHints":{"allow":["GET"]}}],"collection":[{"href":"https:\/\/kretavill.hu\/index.php\/wp-json\/wp\/v2\/pages"}],"about":[{"href":"https:\/\/kretavill.hu\/index.php\/wp-json\/wp\/v2\/types\/page"}],"author":[{"embeddable":true,"href":"https:\/\/kretavill.hu\/index.php\/wp-json\/wp\/v2\/users\/1"}],"replies":[{"embeddable":true,"href":"https:\/\/kretavill.hu\/index.php\/wp-json\/wp\/v2\/comments?post=13"}],"version-history":[{"count":6,"href":"https:\/\/kretavill.hu\/index.php\/wp-json\/wp\/v2\/pages\/13\/revisions"}],"predecessor-version":[{"id":116,"href":"https:\/\/kretavill.hu\/index.php\/wp-json\/wp\/v2\/pages\/13\/revisions\/116"}],"wp:attachment":[{"href":"https:\/\/kretavill.hu\/index.php\/wp-json\/wp\/v2\/media?parent=13"}],"curies":[{"name":"wp","href":"https:\/\/api.w.org\/{rel}","templated":true}]}}