{"id":16,"date":"2021-05-30T19:20:04","date_gmt":"2021-05-30T19:20:04","guid":{"rendered":"https:\/\/kretavill.hu\/?page_id=16"},"modified":"2021-10-07T13:07:34","modified_gmt":"2021-10-07T13:07:34","slug":"erintesvedelem","status":"publish","type":"page","link":"https:\/\/kretavill.hu\/index.php\/erintesvedelem\/","title":{"rendered":"\u00c9rint\u00e9sv\u00e9delem"},"content":{"rendered":"<p>[vc_row][vc_column width=&#8221;1\/2&#8243;][vc_column_text]<\/p>\r\n\r\n<ul>\r\n<li>Id\u0151szakos \u00e9rint\u00e9sv\u00e9delmi fel\u00fclvizsg\u00e1lat<\/li>\r\n<li>\u00dczembe helyez\u00e9s el\u0151tti els\u0151 fel\u00fclvizsg\u00e1lat<\/li>\r\n<li>K\u00e9ziszersz\u00e1mok \u00e9ves fel\u00fclvizsg\u00e1lata<\/li>\r\n<li>Szigetel\u00e9s ellen\u00e1ll\u00e1s m\u00e9r\u00e9se<\/li>\r\n<li>EPH jegyz\u0151k\u00f6nyvek<\/li>\r\n<\/ul>\r\n\r\n<p>[\/vc_column_text][\/vc_column][vc_column width=&#8221;1\/2&#8243;][vc_single_image image=&#8221;139&#8243; img_size=&#8221;full&#8221; alignment=&#8221;center&#8221;][\/vc_column][\/vc_row]<\/p>","protected":false},"excerpt":{"rendered":"<p>[vc_row][vc_column width=&#8221;1\/2&#8243;][vc_column_text] Id\u0151szakos \u00e9rint\u00e9sv\u00e9delmi fel\u00fclvizsg\u00e1lat \u00dczembe helyez\u00e9s el\u0151tti els\u0151 fel\u00fclvizsg\u00e1lat K\u00e9ziszersz\u00e1mok \u00e9ves fel\u00fclvizsg\u00e1lata Szigetel\u00e9s ellen\u00e1ll\u00e1s m\u00e9r\u00e9se EPH jegyz\u0151k\u00f6nyvek [\/vc_column_text][\/vc_column][vc_column width=&#8221;1\/2&#8243;][vc_single_image image=&#8221;139&#8243; img_size=&#8221;full&#8221; alignment=&#8221;center&#8221;][\/vc_column][\/vc_row]<\/p>\n","protected":false},"author":1,"featured_media":0,"parent":0,"menu_order":0,"comment_status":"closed","ping_status":"closed","template":"","meta":{"footnotes":""},"class_list":["post-16","page","type-page","status-publish","hentry","latest_post"],"yoast_head":"<!-- This site is optimized with the Yoast SEO plugin v24.2 - https:\/\/yoast.com\/wordpress\/plugins\/seo\/ -->\n<title>\u00c9rint\u00e9sv\u00e9delem - Kreta-Vill<\/title>\n<meta name=\"robots\" content=\"index, follow, max-snippet:-1, max-image-preview:large, max-video-preview:-1\" \/>\n<link rel=\"canonical\" href=\"https:\/\/kretavill.hu\/index.php\/erintesvedelem\/\" \/>\n<meta property=\"og:locale\" content=\"hu_HU\" \/>\n<meta property=\"og:type\" content=\"article\" \/>\n<meta property=\"og:title\" content=\"\u00c9rint\u00e9sv\u00e9delem - Kreta-Vill\" \/>\n<meta property=\"og:description\" content=\"[vc_row][vc_column width=&#8221;1\/2&#8243;][vc_column_text] Id\u0151szakos \u00e9rint\u00e9sv\u00e9delmi fel\u00fclvizsg\u00e1lat \u00dczembe helyez\u00e9s el\u0151tti els\u0151 fel\u00fclvizsg\u00e1lat K\u00e9ziszersz\u00e1mok \u00e9ves fel\u00fclvizsg\u00e1lata Szigetel\u00e9s ellen\u00e1ll\u00e1s m\u00e9r\u00e9se EPH jegyz\u0151k\u00f6nyvek [\/vc_column_text][\/vc_column][vc_column width=&#8221;1\/2&#8243;][vc_single_image image=&#8221;139&#8243; img_size=&#8221;full&#8221; alignment=&#8221;center&#8221;][\/vc_column][\/vc_row]\" \/>\n<meta property=\"og:url\" content=\"https:\/\/kretavill.hu\/index.php\/erintesvedelem\/\" \/>\n<meta property=\"og:site_name\" content=\"Kreta-Vill\" \/>\n<meta property=\"article:modified_time\" content=\"2021-10-07T13:07:34+00:00\" \/>\n<meta name=\"twitter:card\" content=\"summary_large_image\" \/>\n<meta name=\"twitter:label1\" content=\"Becs\u00fclt olvas\u00e1si id\u0151\" \/>\n\t<meta name=\"twitter:data1\" content=\"1 perc\" \/>\n<script type=\"application\/ld+json\" class=\"yoast-schema-graph\">{\"@context\":\"https:\/\/schema.org\",\"@graph\":[{\"@type\":\"WebPage\",\"@id\":\"https:\/\/kretavill.hu\/index.php\/erintesvedelem\/\",\"url\":\"https:\/\/kretavill.hu\/index.php\/erintesvedelem\/\",\"name\":\"\u00c9rint\u00e9sv\u00e9delem - Kreta-Vill\",\"isPartOf\":{\"@id\":\"https:\/\/kretavill.hu\/#website\"},\"datePublished\":\"2021-05-30T19:20:04+00:00\",\"dateModified\":\"2021-10-07T13:07:34+00:00\",\"breadcrumb\":{\"@id\":\"https:\/\/kretavill.hu\/index.php\/erintesvedelem\/#breadcrumb\"},\"inLanguage\":\"hu\",\"potentialAction\":[{\"@type\":\"ReadAction\",\"target\":[\"https:\/\/kretavill.hu\/index.php\/erintesvedelem\/\"]}]},{\"@type\":\"BreadcrumbList\",\"@id\":\"https:\/\/kretavill.hu\/index.php\/erintesvedelem\/#breadcrumb\",\"itemListElement\":[{\"@type\":\"ListItem\",\"position\":1,\"name\":\"Kezd\u0151lap\",\"item\":\"https:\/\/kretavill.hu\/\"},{\"@type\":\"ListItem\",\"position\":2,\"name\":\"\u00c9rint\u00e9sv\u00e9delem\"}]},{\"@type\":\"WebSite\",\"@id\":\"https:\/\/kretavill.hu\/#website\",\"url\":\"https:\/\/kretavill.hu\/\",\"name\":\"Kreta-Vill\",\"description\":\"Minden ami villanyszerel\u00e9s!\",\"publisher\":{\"@id\":\"https:\/\/kretavill.hu\/#organization\"},\"potentialAction\":[{\"@type\":\"SearchAction\",\"target\":{\"@type\":\"EntryPoint\",\"urlTemplate\":\"https:\/\/kretavill.hu\/?s={search_term_string}\"},\"query-input\":{\"@type\":\"PropertyValueSpecification\",\"valueRequired\":true,\"valueName\":\"search_term_string\"}}],\"inLanguage\":\"hu\"},{\"@type\":\"Organization\",\"@id\":\"https:\/\/kretavill.hu\/#organization\",\"name\":\"Kreta-Vill\",\"url\":\"https:\/\/kretavill.hu\/\",\"logo\":{\"@type\":\"ImageObject\",\"inLanguage\":\"hu\",\"@id\":\"https:\/\/kretavill.hu\/#\/schema\/logo\/image\/\",\"url\":\"https:\/\/kretavill.hu\/wp-content\/uploads\/2021\/10\/Logo-meg-ujabb-masolata.png\",\"contentUrl\":\"https:\/\/kretavill.hu\/wp-content\/uploads\/2021\/10\/Logo-meg-ujabb-masolata.png\",\"width\":420,\"height\":216,\"caption\":\"Kreta-Vill\"},\"image\":{\"@id\":\"https:\/\/kretavill.hu\/#\/schema\/logo\/image\/\"}}]}<\/script>\n<!-- \/ Yoast SEO plugin. -->","yoast_head_json":{"title":"\u00c9rint\u00e9sv\u00e9delem - Kreta-Vill","robots":{"index":"index","follow":"follow","max-snippet":"max-snippet:-1","max-image-preview":"max-image-preview:large","max-video-preview":"max-video-preview:-1"},"canonical":"https:\/\/kretavill.hu\/index.php\/erintesvedelem\/","og_locale":"hu_HU","og_type":"article","og_title":"\u00c9rint\u00e9sv\u00e9delem - Kreta-Vill","og_description":"[vc_row][vc_column width=&#8221;1\/2&#8243;][vc_column_text] Id\u0151szakos \u00e9rint\u00e9sv\u00e9delmi fel\u00fclvizsg\u00e1lat \u00dczembe helyez\u00e9s el\u0151tti els\u0151 fel\u00fclvizsg\u00e1lat K\u00e9ziszersz\u00e1mok \u00e9ves fel\u00fclvizsg\u00e1lata Szigetel\u00e9s ellen\u00e1ll\u00e1s m\u00e9r\u00e9se EPH jegyz\u0151k\u00f6nyvek [\/vc_column_text][\/vc_column][vc_column width=&#8221;1\/2&#8243;][vc_single_image image=&#8221;139&#8243; img_size=&#8221;full&#8221; alignment=&#8221;center&#8221;][\/vc_column][\/vc_row]","og_url":"https:\/\/kretavill.hu\/index.php\/erintesvedelem\/","og_site_name":"Kreta-Vill","article_modified_time":"2021-10-07T13:07:34+00:00","twitter_card":"summary_large_image","twitter_misc":{"Becs\u00fclt olvas\u00e1si id\u0151":"1 perc"},"schema":{"@context":"https:\/\/schema.org","@graph":[{"@type":"WebPage","@id":"https:\/\/kretavill.hu\/index.php\/erintesvedelem\/","url":"https:\/\/kretavill.hu\/index.php\/erintesvedelem\/","name":"\u00c9rint\u00e9sv\u00e9delem - Kreta-Vill","isPartOf":{"@id":"https:\/\/kretavill.hu\/#website"},"datePublished":"2021-05-30T19:20:04+00:00","dateModified":"2021-10-07T13:07:34+00:00","breadcrumb":{"@id":"https:\/\/kretavill.hu\/index.php\/erintesvedelem\/#breadcrumb"},"inLanguage":"hu","potentialAction":[{"@type":"ReadAction","target":["https:\/\/kretavill.hu\/index.php\/erintesvedelem\/"]}]},{"@type":"BreadcrumbList","@id":"https:\/\/kretavill.hu\/index.php\/erintesvedelem\/#breadcrumb","itemListElement":[{"@type":"ListItem","position":1,"name":"Kezd\u0151lap","item":"https:\/\/kretavill.hu\/"},{"@type":"ListItem","position":2,"name":"\u00c9rint\u00e9sv\u00e9delem"}]},{"@type":"WebSite","@id":"https:\/\/kretavill.hu\/#website","url":"https:\/\/kretavill.hu\/","name":"Kreta-Vill","description":"Minden ami villanyszerel\u00e9s!","publisher":{"@id":"https:\/\/kretavill.hu\/#organization"},"potentialAction":[{"@type":"SearchAction","target":{"@type":"EntryPoint","urlTemplate":"https:\/\/kretavill.hu\/?s={search_term_string}"},"query-input":{"@type":"PropertyValueSpecification","valueRequired":true,"valueName":"search_term_string"}}],"inLanguage":"hu"},{"@type":"Organization","@id":"https:\/\/kretavill.hu\/#organization","name":"Kreta-Vill","url":"https:\/\/kretavill.hu\/","logo":{"@type":"ImageObject","inLanguage":"hu","@id":"https:\/\/kretavill.hu\/#\/schema\/logo\/image\/","url":"https:\/\/kretavill.hu\/wp-content\/uploads\/2021\/10\/Logo-meg-ujabb-masolata.png","contentUrl":"https:\/\/kretavill.hu\/wp-content\/uploads\/2021\/10\/Logo-meg-ujabb-masolata.png","width":420,"height":216,"caption":"Kreta-Vill"},"image":{"@id":"https:\/\/kretavill.hu\/#\/schema\/logo\/image\/"}}]}},"_links":{"self":[{"href":"https:\/\/kretavill.hu\/index.php\/wp-json\/wp\/v2\/pages\/16","targetHints":{"allow":["GET"]}}],"collection":[{"href":"https:\/\/kretavill.hu\/index.php\/wp-json\/wp\/v2\/pages"}],"about":[{"href":"https:\/\/kretavill.hu\/index.php\/wp-json\/wp\/v2\/types\/page"}],"author":[{"embeddable":true,"href":"https:\/\/kretavill.hu\/index.php\/wp-json\/wp\/v2\/users\/1"}],"replies":[{"embeddable":true,"href":"https:\/\/kretavill.hu\/index.php\/wp-json\/wp\/v2\/comments?post=16"}],"version-history":[{"count":5,"href":"https:\/\/kretavill.hu\/index.php\/wp-json\/wp\/v2\/pages\/16\/revisions"}],"predecessor-version":[{"id":140,"href":"https:\/\/kretavill.hu\/index.php\/wp-json\/wp\/v2\/pages\/16\/revisions\/140"}],"wp:attachment":[{"href":"https:\/\/kretavill.hu\/index.php\/wp-json\/wp\/v2\/media?parent=16"}],"curies":[{"name":"wp","href":"https:\/\/api.w.org\/{rel}","templated":true}]}}