{"id":20,"date":"2021-05-30T19:30:04","date_gmt":"2021-05-30T19:30:04","guid":{"rendered":"https:\/\/kretavill.hu\/?page_id=20"},"modified":"2021-10-06T07:39:26","modified_gmt":"2021-10-06T07:39:26","slug":"villamos-tuzvedelem","status":"publish","type":"page","link":"https:\/\/kretavill.hu\/index.php\/villamos-tuzvedelem\/","title":{"rendered":"Villamos t\u0171zv\u00e9delem"},"content":{"rendered":"<p>[vc_row][vc_column width=&#8221;1\/2&#8243;][vc_column_text]Minden villamos berendez\u00e9st \u00faj l\u00e9tes\u00edt\u00e9s ut\u00e1n be\u00fczemel\u00e9s el\u0151tt, \u00e9s ut\u00e1na jogszab\u00e1lyban meghat\u00e1rozott id\u0151szakonk\u00e9nt k\u00f6telez\u0151 villamos szabv\u00e1nyoss\u00e1gi vizsg\u00e1lattal kell igazolni, hogy megfelel a l\u00e9tes\u00edt\u00e9si \u00e9s biztons\u00e1gi szabv\u00e1nyoknak, rendeleteknek.[\/vc_column_text][\/vc_column][vc_column width=&#8221;1\/2&#8243;][vc_single_image image=&#8221;96&#8243; img_size=&#8221;full&#8221; alignment=&#8221;center&#8221;][\/vc_column][\/vc_row]<\/p>\n","protected":false},"excerpt":{"rendered":"<p>[vc_row][vc_column width=&#8221;1\/2&#8243;][vc_column_text]Minden villamos berendez\u00e9st \u00faj l\u00e9tes\u00edt\u00e9s ut\u00e1n be\u00fczemel\u00e9s el\u0151tt, \u00e9s ut\u00e1na jogszab\u00e1lyban meghat\u00e1rozott id\u0151szakonk\u00e9nt k\u00f6telez\u0151 villamos szabv\u00e1nyoss\u00e1gi vizsg\u00e1lattal kell igazolni, hogy megfelel a l\u00e9tes\u00edt\u00e9si \u00e9s &hellip; <\/p>\n","protected":false},"author":1,"featured_media":0,"parent":0,"menu_order":0,"comment_status":"closed","ping_status":"closed","template":"","meta":{"footnotes":""},"class_list":["post-20","page","type-page","status-publish","hentry","latest_post"],"yoast_head":"<!-- This site is optimized with the Yoast SEO plugin v24.2 - https:\/\/yoast.com\/wordpress\/plugins\/seo\/ -->\n<title>Villamos t\u0171zv\u00e9delem - Kreta-Vill<\/title>\n<meta name=\"robots\" content=\"index, follow, max-snippet:-1, max-image-preview:large, max-video-preview:-1\" \/>\n<link rel=\"canonical\" href=\"https:\/\/kretavill.hu\/index.php\/villamos-tuzvedelem\/\" \/>\n<meta property=\"og:locale\" content=\"hu_HU\" \/>\n<meta property=\"og:type\" content=\"article\" \/>\n<meta property=\"og:title\" content=\"Villamos t\u0171zv\u00e9delem - Kreta-Vill\" \/>\n<meta property=\"og:description\" content=\"[vc_row][vc_column width=&#8221;1\/2&#8243;][vc_column_text]Minden villamos berendez\u00e9st \u00faj l\u00e9tes\u00edt\u00e9s ut\u00e1n be\u00fczemel\u00e9s el\u0151tt, \u00e9s ut\u00e1na jogszab\u00e1lyban meghat\u00e1rozott id\u0151szakonk\u00e9nt k\u00f6telez\u0151 villamos szabv\u00e1nyoss\u00e1gi vizsg\u00e1lattal kell igazolni, hogy megfelel a l\u00e9tes\u00edt\u00e9si \u00e9s &hellip;\" \/>\n<meta property=\"og:url\" content=\"https:\/\/kretavill.hu\/index.php\/villamos-tuzvedelem\/\" \/>\n<meta property=\"og:site_name\" content=\"Kreta-Vill\" \/>\n<meta property=\"article:modified_time\" content=\"2021-10-06T07:39:26+00:00\" \/>\n<meta name=\"twitter:card\" content=\"summary_large_image\" \/>\n<meta name=\"twitter:label1\" content=\"Becs\u00fclt olvas\u00e1si id\u0151\" \/>\n\t<meta name=\"twitter:data1\" content=\"1 perc\" \/>\n<script type=\"application\/ld+json\" class=\"yoast-schema-graph\">{\"@context\":\"https:\/\/schema.org\",\"@graph\":[{\"@type\":\"WebPage\",\"@id\":\"https:\/\/kretavill.hu\/index.php\/villamos-tuzvedelem\/\",\"url\":\"https:\/\/kretavill.hu\/index.php\/villamos-tuzvedelem\/\",\"name\":\"Villamos t\u0171zv\u00e9delem - Kreta-Vill\",\"isPartOf\":{\"@id\":\"https:\/\/kretavill.hu\/#website\"},\"datePublished\":\"2021-05-30T19:30:04+00:00\",\"dateModified\":\"2021-10-06T07:39:26+00:00\",\"breadcrumb\":{\"@id\":\"https:\/\/kretavill.hu\/index.php\/villamos-tuzvedelem\/#breadcrumb\"},\"inLanguage\":\"hu\",\"potentialAction\":[{\"@type\":\"ReadAction\",\"target\":[\"https:\/\/kretavill.hu\/index.php\/villamos-tuzvedelem\/\"]}]},{\"@type\":\"BreadcrumbList\",\"@id\":\"https:\/\/kretavill.hu\/index.php\/villamos-tuzvedelem\/#breadcrumb\",\"itemListElement\":[{\"@type\":\"ListItem\",\"position\":1,\"name\":\"Kezd\u0151lap\",\"item\":\"https:\/\/kretavill.hu\/\"},{\"@type\":\"ListItem\",\"position\":2,\"name\":\"Villamos t\u0171zv\u00e9delem\"}]},{\"@type\":\"WebSite\",\"@id\":\"https:\/\/kretavill.hu\/#website\",\"url\":\"https:\/\/kretavill.hu\/\",\"name\":\"Kreta-Vill\",\"description\":\"Minden ami villanyszerel\u00e9s!\",\"publisher\":{\"@id\":\"https:\/\/kretavill.hu\/#organization\"},\"potentialAction\":[{\"@type\":\"SearchAction\",\"target\":{\"@type\":\"EntryPoint\",\"urlTemplate\":\"https:\/\/kretavill.hu\/?s={search_term_string}\"},\"query-input\":{\"@type\":\"PropertyValueSpecification\",\"valueRequired\":true,\"valueName\":\"search_term_string\"}}],\"inLanguage\":\"hu\"},{\"@type\":\"Organization\",\"@id\":\"https:\/\/kretavill.hu\/#organization\",\"name\":\"Kreta-Vill\",\"url\":\"https:\/\/kretavill.hu\/\",\"logo\":{\"@type\":\"ImageObject\",\"inLanguage\":\"hu\",\"@id\":\"https:\/\/kretavill.hu\/#\/schema\/logo\/image\/\",\"url\":\"https:\/\/kretavill.hu\/wp-content\/uploads\/2021\/10\/Logo-meg-ujabb-masolata.png\",\"contentUrl\":\"https:\/\/kretavill.hu\/wp-content\/uploads\/2021\/10\/Logo-meg-ujabb-masolata.png\",\"width\":420,\"height\":216,\"caption\":\"Kreta-Vill\"},\"image\":{\"@id\":\"https:\/\/kretavill.hu\/#\/schema\/logo\/image\/\"}}]}<\/script>\n<!-- \/ Yoast SEO plugin. -->","yoast_head_json":{"title":"Villamos t\u0171zv\u00e9delem - Kreta-Vill","robots":{"index":"index","follow":"follow","max-snippet":"max-snippet:-1","max-image-preview":"max-image-preview:large","max-video-preview":"max-video-preview:-1"},"canonical":"https:\/\/kretavill.hu\/index.php\/villamos-tuzvedelem\/","og_locale":"hu_HU","og_type":"article","og_title":"Villamos t\u0171zv\u00e9delem - Kreta-Vill","og_description":"[vc_row][vc_column width=&#8221;1\/2&#8243;][vc_column_text]Minden villamos berendez\u00e9st \u00faj l\u00e9tes\u00edt\u00e9s ut\u00e1n be\u00fczemel\u00e9s el\u0151tt, \u00e9s ut\u00e1na jogszab\u00e1lyban meghat\u00e1rozott id\u0151szakonk\u00e9nt k\u00f6telez\u0151 villamos szabv\u00e1nyoss\u00e1gi vizsg\u00e1lattal kell igazolni, hogy megfelel a l\u00e9tes\u00edt\u00e9si \u00e9s &hellip;","og_url":"https:\/\/kretavill.hu\/index.php\/villamos-tuzvedelem\/","og_site_name":"Kreta-Vill","article_modified_time":"2021-10-06T07:39:26+00:00","twitter_card":"summary_large_image","twitter_misc":{"Becs\u00fclt olvas\u00e1si id\u0151":"1 perc"},"schema":{"@context":"https:\/\/schema.org","@graph":[{"@type":"WebPage","@id":"https:\/\/kretavill.hu\/index.php\/villamos-tuzvedelem\/","url":"https:\/\/kretavill.hu\/index.php\/villamos-tuzvedelem\/","name":"Villamos t\u0171zv\u00e9delem - Kreta-Vill","isPartOf":{"@id":"https:\/\/kretavill.hu\/#website"},"datePublished":"2021-05-30T19:30:04+00:00","dateModified":"2021-10-06T07:39:26+00:00","breadcrumb":{"@id":"https:\/\/kretavill.hu\/index.php\/villamos-tuzvedelem\/#breadcrumb"},"inLanguage":"hu","potentialAction":[{"@type":"ReadAction","target":["https:\/\/kretavill.hu\/index.php\/villamos-tuzvedelem\/"]}]},{"@type":"BreadcrumbList","@id":"https:\/\/kretavill.hu\/index.php\/villamos-tuzvedelem\/#breadcrumb","itemListElement":[{"@type":"ListItem","position":1,"name":"Kezd\u0151lap","item":"https:\/\/kretavill.hu\/"},{"@type":"ListItem","position":2,"name":"Villamos t\u0171zv\u00e9delem"}]},{"@type":"WebSite","@id":"https:\/\/kretavill.hu\/#website","url":"https:\/\/kretavill.hu\/","name":"Kreta-Vill","description":"Minden ami villanyszerel\u00e9s!","publisher":{"@id":"https:\/\/kretavill.hu\/#organization"},"potentialAction":[{"@type":"SearchAction","target":{"@type":"EntryPoint","urlTemplate":"https:\/\/kretavill.hu\/?s={search_term_string}"},"query-input":{"@type":"PropertyValueSpecification","valueRequired":true,"valueName":"search_term_string"}}],"inLanguage":"hu"},{"@type":"Organization","@id":"https:\/\/kretavill.hu\/#organization","name":"Kreta-Vill","url":"https:\/\/kretavill.hu\/","logo":{"@type":"ImageObject","inLanguage":"hu","@id":"https:\/\/kretavill.hu\/#\/schema\/logo\/image\/","url":"https:\/\/kretavill.hu\/wp-content\/uploads\/2021\/10\/Logo-meg-ujabb-masolata.png","contentUrl":"https:\/\/kretavill.hu\/wp-content\/uploads\/2021\/10\/Logo-meg-ujabb-masolata.png","width":420,"height":216,"caption":"Kreta-Vill"},"image":{"@id":"https:\/\/kretavill.hu\/#\/schema\/logo\/image\/"}}]}},"_links":{"self":[{"href":"https:\/\/kretavill.hu\/index.php\/wp-json\/wp\/v2\/pages\/20","targetHints":{"allow":["GET"]}}],"collection":[{"href":"https:\/\/kretavill.hu\/index.php\/wp-json\/wp\/v2\/pages"}],"about":[{"href":"https:\/\/kretavill.hu\/index.php\/wp-json\/wp\/v2\/types\/page"}],"author":[{"embeddable":true,"href":"https:\/\/kretavill.hu\/index.php\/wp-json\/wp\/v2\/users\/1"}],"replies":[{"embeddable":true,"href":"https:\/\/kretavill.hu\/index.php\/wp-json\/wp\/v2\/comments?post=20"}],"version-history":[{"count":3,"href":"https:\/\/kretavill.hu\/index.php\/wp-json\/wp\/v2\/pages\/20\/revisions"}],"predecessor-version":[{"id":119,"href":"https:\/\/kretavill.hu\/index.php\/wp-json\/wp\/v2\/pages\/20\/revisions\/119"}],"wp:attachment":[{"href":"https:\/\/kretavill.hu\/index.php\/wp-json\/wp\/v2\/media?parent=20"}],"curies":[{"name":"wp","href":"https:\/\/api.w.org\/{rel}","templated":true}]}}