{"id":61,"date":"2021-10-04T13:37:02","date_gmt":"2021-10-04T13:37:02","guid":{"rendered":"https:\/\/kretavill.hu\/?page_id=61"},"modified":"2021-10-06T08:10:57","modified_gmt":"2021-10-06T08:10:57","slug":"szolgaltatasok","status":"publish","type":"page","link":"https:\/\/kretavill.hu\/index.php\/szolgaltatasok\/","title":{"rendered":"Kapcsolat"},"content":{"rendered":"<p>[vc_row][vc_column width=&#8221;1\/2&#8243;][vc_single_image image=&#8221;69&#8243; img_size=&#8221;full&#8221;][\/vc_column][vc_column width=&#8221;1\/2&#8243;][vc_column_text]F\u0151 profilom elektromos h\u00e1l\u00f3zatok ki\u00e9p\u00edt\u00e9se, fel\u00faj\u00edt\u00e1sa, hibaelh\u00e1r\u00edt\u00e1s. Komoly villanyszerel\u00e9si tapasztalattal, megfelel\u0151 v\u00e9gzets\u00e9gekkel, speci\u00e1lis feladatoknak megfelel\u0151 akkredit\u00e1ci\u00f3val rendelkezek, annak \u00e9rdek\u00e9ben, hogy kiemelked\u0151 sz\u00ednvonalon tudjam ell\u00e1tni a sz\u00fcks\u00e9ges feladatokat.<\/p>\n<p>Tev\u00e9kenys\u00e9gem a kapcsol\u00f3 felszerel\u00e9st\u0151l, lak\u00e1sok vezet\u00e9kh\u00e1l\u00f3zat\u00e1nak, h\u00e1zak, ipari l\u00e9tes\u00edtm\u00e9nyek teljes villamos berendez\u00e9seinek villanyszerel\u00e9si munk\u00e1latai, elektromos padl\u00f3f\u0171t\u00e9s, kamera, kaputelefon, vez\u00e9rl\u00e9sek, \u00e9s a megfelel\u0151 dokument\u00e1ci\u00f3k elk\u00e9sz\u00edt\u00e9s\u00e9ig terjed.Az \u00e9n feladatom, hogy megrendel\u0151im elk\u00e9pzel\u00e9seit megval\u00f3s\u00edtsam, ak\u00e1r a tervez\u00e9s szakasz\u00e1ban, ak\u00e1r a kivitelez\u00e9si folyamatok k\u00f6zben. Forduljon hozz\u00e1m bizalommal.[\/vc_column_text][\/vc_column][\/vc_row][vc_row][vc_column width=&#8221;1\/2&#8243;][vc_column_text]<\/p>\n<h3><strong>Keressenek bizalommal!<\/strong><\/h3>\n<p>[\/vc_column_text][vc_column_text]<div class=\"wpforms-container wpforms-container-full\" id=\"wpforms-104\"><form id=\"wpforms-form-104\" class=\"wpforms-validate wpforms-form wpforms-ajax-form\" data-formid=\"104\" method=\"post\" enctype=\"multipart\/form-data\" action=\"\/index.php\/wp-json\/wp\/v2\/pages\/61\" data-token=\"1b59f5387aec8b96764ee2b3c0442908\" data-token-time=\"1776139288\"><noscript class=\"wpforms-error-noscript\">Please enable JavaScript in your browser to complete this form.<\/noscript><div class=\"wpforms-field-container\"><div id=\"wpforms-104-field_0-container\" class=\"wpforms-field wpforms-field-name\" data-field-id=\"0\"><label class=\"wpforms-field-label\" for=\"wpforms-104-field_0\">N\u00e9v <span class=\"wpforms-required-label\">*<\/span><\/label><input type=\"text\" id=\"wpforms-104-field_0\" class=\"wpforms-field-medium wpforms-field-required\" name=\"wpforms[fields][0]\" required><\/div><div id=\"wpforms-104-field_1-container\" class=\"wpforms-field wpforms-field-email\" data-field-id=\"1\"><label class=\"wpforms-field-label\" for=\"wpforms-104-field_1\">E-mail c\u00edm <span class=\"wpforms-required-label\">*<\/span><\/label><input type=\"email\" id=\"wpforms-104-field_1\" class=\"wpforms-field-medium wpforms-field-required\" name=\"wpforms[fields][1]\" spellcheck=\"false\" required><\/div><div id=\"wpforms-104-field_2-container\" class=\"wpforms-field wpforms-field-textarea\" data-field-id=\"2\"><label class=\"wpforms-field-label\" for=\"wpforms-104-field_2\">\u00dczenet <span class=\"wpforms-required-label\">*<\/span><\/label><textarea id=\"wpforms-104-field_2\" class=\"wpforms-field-medium wpforms-field-required\" name=\"wpforms[fields][2]\" required><\/textarea><\/div><\/div><!-- .wpforms-field-container --><div class=\"wpforms-submit-container\" ><input type=\"hidden\" name=\"wpforms[id]\" value=\"104\"><input type=\"hidden\" name=\"page_title\" value=\"\"><input type=\"hidden\" name=\"page_url\" value=\"https:\/\/kretavill.hu\/index.php\/wp-json\/wp\/v2\/pages\/61\"><button type=\"submit\" name=\"wpforms[submit]\" id=\"wpforms-submit-104\" class=\"wpforms-submit\" data-alt-text=\"K\u00fcld\u00e9s...\" data-submit-text=\"K\u00fcld\u00e9s\" aria-live=\"assertive\" value=\"wpforms-submit\">K\u00fcld\u00e9s<\/button><img loading=\"lazy\" decoding=\"async\" src=\"https:\/\/kretavill.hu\/wp-content\/plugins\/wpforms-lite\/assets\/images\/submit-spin.svg\" class=\"wpforms-submit-spinner\" style=\"display: none;\" width=\"26\" height=\"26\" alt=\"Loading\"><\/div><\/form><\/div>  <!-- .wpforms-container -->[\/vc_column_text][\/vc_column][vc_column width=&#8221;1\/2&#8243;][vc_empty_space height=&#8221;50px&#8221;][vc_column_text]<\/p>\n<h3>Kreta-Vill<\/h3>\n<p><i class=\"far fa-envelope\"><\/i>: kretavill@gmail.com<\/p>\n<p><i class=\"fa fa-phone\" aria-hidden=\"true\"><\/i>: +36 20\/ 824-3409[\/vc_column_text][\/vc_column][\/vc_row]<\/p>\n","protected":false},"excerpt":{"rendered":"<p>[vc_row][vc_column width=&#8221;1\/2&#8243;][vc_single_image image=&#8221;69&#8243; img_size=&#8221;full&#8221;][\/vc_column][vc_column width=&#8221;1\/2&#8243;][vc_column_text]F\u0151 profilom elektromos h\u00e1l\u00f3zatok ki\u00e9p\u00edt\u00e9se, fel\u00faj\u00edt\u00e1sa, hibaelh\u00e1r\u00edt\u00e1s. Komoly villanyszerel\u00e9si tapasztalattal, megfelel\u0151 v\u00e9gzets\u00e9gekkel, speci\u00e1lis feladatoknak megfelel\u0151 akkredit\u00e1ci\u00f3val rendelkezek, annak \u00e9rdek\u00e9ben, hogy kiemelked\u0151 &hellip; <\/p>\n","protected":false},"author":1,"featured_media":0,"parent":0,"menu_order":0,"comment_status":"closed","ping_status":"closed","template":"","meta":{"footnotes":""},"class_list":["post-61","page","type-page","status-publish","hentry","latest_post"],"yoast_head":"<!-- This site is optimized with the Yoast SEO plugin v24.2 - https:\/\/yoast.com\/wordpress\/plugins\/seo\/ -->\n<title>Kapcsolat - Kreta-Vill<\/title>\n<meta name=\"robots\" content=\"index, follow, max-snippet:-1, max-image-preview:large, max-video-preview:-1\" \/>\n<link rel=\"canonical\" href=\"https:\/\/kretavill.hu\/index.php\/szolgaltatasok\/\" \/>\n<meta property=\"og:locale\" content=\"hu_HU\" \/>\n<meta property=\"og:type\" content=\"article\" \/>\n<meta property=\"og:title\" content=\"Kapcsolat - Kreta-Vill\" \/>\n<meta property=\"og:description\" content=\"[vc_row][vc_column width=&#8221;1\/2&#8243;][vc_single_image image=&#8221;69&#8243; img_size=&#8221;full&#8221;][\/vc_column][vc_column width=&#8221;1\/2&#8243;][vc_column_text]F\u0151 profilom elektromos h\u00e1l\u00f3zatok ki\u00e9p\u00edt\u00e9se, fel\u00faj\u00edt\u00e1sa, hibaelh\u00e1r\u00edt\u00e1s. Komoly villanyszerel\u00e9si tapasztalattal, megfelel\u0151 v\u00e9gzets\u00e9gekkel, speci\u00e1lis feladatoknak megfelel\u0151 akkredit\u00e1ci\u00f3val rendelkezek, annak \u00e9rdek\u00e9ben, hogy kiemelked\u0151 &hellip;\" \/>\n<meta property=\"og:url\" content=\"https:\/\/kretavill.hu\/index.php\/szolgaltatasok\/\" \/>\n<meta property=\"og:site_name\" content=\"Kreta-Vill\" \/>\n<meta property=\"article:modified_time\" content=\"2021-10-06T08:10:57+00:00\" \/>\n<meta name=\"twitter:card\" content=\"summary_large_image\" \/>\n<meta name=\"twitter:label1\" content=\"Becs\u00fclt olvas\u00e1si id\u0151\" \/>\n\t<meta name=\"twitter:data1\" content=\"1 perc\" \/>\n<script type=\"application\/ld+json\" class=\"yoast-schema-graph\">{\"@context\":\"https:\/\/schema.org\",\"@graph\":[{\"@type\":\"WebPage\",\"@id\":\"https:\/\/kretavill.hu\/index.php\/szolgaltatasok\/\",\"url\":\"https:\/\/kretavill.hu\/index.php\/szolgaltatasok\/\",\"name\":\"Kapcsolat - Kreta-Vill\",\"isPartOf\":{\"@id\":\"https:\/\/kretavill.hu\/#website\"},\"datePublished\":\"2021-10-04T13:37:02+00:00\",\"dateModified\":\"2021-10-06T08:10:57+00:00\",\"breadcrumb\":{\"@id\":\"https:\/\/kretavill.hu\/index.php\/szolgaltatasok\/#breadcrumb\"},\"inLanguage\":\"hu\",\"potentialAction\":[{\"@type\":\"ReadAction\",\"target\":[\"https:\/\/kretavill.hu\/index.php\/szolgaltatasok\/\"]}]},{\"@type\":\"BreadcrumbList\",\"@id\":\"https:\/\/kretavill.hu\/index.php\/szolgaltatasok\/#breadcrumb\",\"itemListElement\":[{\"@type\":\"ListItem\",\"position\":1,\"name\":\"Kezd\u0151lap\",\"item\":\"https:\/\/kretavill.hu\/\"},{\"@type\":\"ListItem\",\"position\":2,\"name\":\"Kapcsolat\"}]},{\"@type\":\"WebSite\",\"@id\":\"https:\/\/kretavill.hu\/#website\",\"url\":\"https:\/\/kretavill.hu\/\",\"name\":\"Kreta-Vill\",\"description\":\"Minden ami villanyszerel\u00e9s!\",\"publisher\":{\"@id\":\"https:\/\/kretavill.hu\/#organization\"},\"potentialAction\":[{\"@type\":\"SearchAction\",\"target\":{\"@type\":\"EntryPoint\",\"urlTemplate\":\"https:\/\/kretavill.hu\/?s={search_term_string}\"},\"query-input\":{\"@type\":\"PropertyValueSpecification\",\"valueRequired\":true,\"valueName\":\"search_term_string\"}}],\"inLanguage\":\"hu\"},{\"@type\":\"Organization\",\"@id\":\"https:\/\/kretavill.hu\/#organization\",\"name\":\"Kreta-Vill\",\"url\":\"https:\/\/kretavill.hu\/\",\"logo\":{\"@type\":\"ImageObject\",\"inLanguage\":\"hu\",\"@id\":\"https:\/\/kretavill.hu\/#\/schema\/logo\/image\/\",\"url\":\"https:\/\/kretavill.hu\/wp-content\/uploads\/2021\/10\/Logo-meg-ujabb-masolata.png\",\"contentUrl\":\"https:\/\/kretavill.hu\/wp-content\/uploads\/2021\/10\/Logo-meg-ujabb-masolata.png\",\"width\":420,\"height\":216,\"caption\":\"Kreta-Vill\"},\"image\":{\"@id\":\"https:\/\/kretavill.hu\/#\/schema\/logo\/image\/\"}}]}<\/script>\n<!-- \/ Yoast SEO plugin. -->","yoast_head_json":{"title":"Kapcsolat - Kreta-Vill","robots":{"index":"index","follow":"follow","max-snippet":"max-snippet:-1","max-image-preview":"max-image-preview:large","max-video-preview":"max-video-preview:-1"},"canonical":"https:\/\/kretavill.hu\/index.php\/szolgaltatasok\/","og_locale":"hu_HU","og_type":"article","og_title":"Kapcsolat - Kreta-Vill","og_description":"[vc_row][vc_column width=&#8221;1\/2&#8243;][vc_single_image image=&#8221;69&#8243; img_size=&#8221;full&#8221;][\/vc_column][vc_column width=&#8221;1\/2&#8243;][vc_column_text]F\u0151 profilom elektromos h\u00e1l\u00f3zatok ki\u00e9p\u00edt\u00e9se, fel\u00faj\u00edt\u00e1sa, hibaelh\u00e1r\u00edt\u00e1s. Komoly villanyszerel\u00e9si tapasztalattal, megfelel\u0151 v\u00e9gzets\u00e9gekkel, speci\u00e1lis feladatoknak megfelel\u0151 akkredit\u00e1ci\u00f3val rendelkezek, annak \u00e9rdek\u00e9ben, hogy kiemelked\u0151 &hellip;","og_url":"https:\/\/kretavill.hu\/index.php\/szolgaltatasok\/","og_site_name":"Kreta-Vill","article_modified_time":"2021-10-06T08:10:57+00:00","twitter_card":"summary_large_image","twitter_misc":{"Becs\u00fclt olvas\u00e1si id\u0151":"1 perc"},"schema":{"@context":"https:\/\/schema.org","@graph":[{"@type":"WebPage","@id":"https:\/\/kretavill.hu\/index.php\/szolgaltatasok\/","url":"https:\/\/kretavill.hu\/index.php\/szolgaltatasok\/","name":"Kapcsolat - Kreta-Vill","isPartOf":{"@id":"https:\/\/kretavill.hu\/#website"},"datePublished":"2021-10-04T13:37:02+00:00","dateModified":"2021-10-06T08:10:57+00:00","breadcrumb":{"@id":"https:\/\/kretavill.hu\/index.php\/szolgaltatasok\/#breadcrumb"},"inLanguage":"hu","potentialAction":[{"@type":"ReadAction","target":["https:\/\/kretavill.hu\/index.php\/szolgaltatasok\/"]}]},{"@type":"BreadcrumbList","@id":"https:\/\/kretavill.hu\/index.php\/szolgaltatasok\/#breadcrumb","itemListElement":[{"@type":"ListItem","position":1,"name":"Kezd\u0151lap","item":"https:\/\/kretavill.hu\/"},{"@type":"ListItem","position":2,"name":"Kapcsolat"}]},{"@type":"WebSite","@id":"https:\/\/kretavill.hu\/#website","url":"https:\/\/kretavill.hu\/","name":"Kreta-Vill","description":"Minden ami villanyszerel\u00e9s!","publisher":{"@id":"https:\/\/kretavill.hu\/#organization"},"potentialAction":[{"@type":"SearchAction","target":{"@type":"EntryPoint","urlTemplate":"https:\/\/kretavill.hu\/?s={search_term_string}"},"query-input":{"@type":"PropertyValueSpecification","valueRequired":true,"valueName":"search_term_string"}}],"inLanguage":"hu"},{"@type":"Organization","@id":"https:\/\/kretavill.hu\/#organization","name":"Kreta-Vill","url":"https:\/\/kretavill.hu\/","logo":{"@type":"ImageObject","inLanguage":"hu","@id":"https:\/\/kretavill.hu\/#\/schema\/logo\/image\/","url":"https:\/\/kretavill.hu\/wp-content\/uploads\/2021\/10\/Logo-meg-ujabb-masolata.png","contentUrl":"https:\/\/kretavill.hu\/wp-content\/uploads\/2021\/10\/Logo-meg-ujabb-masolata.png","width":420,"height":216,"caption":"Kreta-Vill"},"image":{"@id":"https:\/\/kretavill.hu\/#\/schema\/logo\/image\/"}}]}},"_links":{"self":[{"href":"https:\/\/kretavill.hu\/index.php\/wp-json\/wp\/v2\/pages\/61","targetHints":{"allow":["GET"]}}],"collection":[{"href":"https:\/\/kretavill.hu\/index.php\/wp-json\/wp\/v2\/pages"}],"about":[{"href":"https:\/\/kretavill.hu\/index.php\/wp-json\/wp\/v2\/types\/page"}],"author":[{"embeddable":true,"href":"https:\/\/kretavill.hu\/index.php\/wp-json\/wp\/v2\/users\/1"}],"replies":[{"embeddable":true,"href":"https:\/\/kretavill.hu\/index.php\/wp-json\/wp\/v2\/comments?post=61"}],"version-history":[{"count":8,"href":"https:\/\/kretavill.hu\/index.php\/wp-json\/wp\/v2\/pages\/61\/revisions"}],"predecessor-version":[{"id":131,"href":"https:\/\/kretavill.hu\/index.php\/wp-json\/wp\/v2\/pages\/61\/revisions\/131"}],"wp:attachment":[{"href":"https:\/\/kretavill.hu\/index.php\/wp-json\/wp\/v2\/media?parent=61"}],"curies":[{"name":"wp","href":"https:\/\/api.w.org\/{rel}","templated":true}]}}